{"id":1695,"date":"2025-12-15T12:55:35","date_gmt":"2025-12-15T11:55:35","guid":{"rendered":"https:\/\/shop.forminsa.com\/datenschutzrichtlinie-soziale-netzwerke\/"},"modified":"2026-04-30T08:39:01","modified_gmt":"2026-04-30T06:39:01","slug":"datenschutzrichtlinie-soziale-netzwerke","status":"publish","type":"page","link":"https:\/\/shop.forminsa.com\/de\/datenschutzrichtlinie-soziale-netzwerke\/","title":{"rendered":"Datenschutzrichtlinie soziale Netzwerke"},"content":{"rendered":"\t\t<div data-elementor-type=\"wp-page\" data-elementor-id=\"1695\" class=\"elementor elementor-1695 elementor-1403\" data-elementor-post-type=\"page\">\n\t\t\t\t<div class=\"elementor-element elementor-element-5e9315e e-flex e-con-boxed e-con e-parent\" data-id=\"5e9315e\" data-element_type=\"container\">\n\t\t\t\t\t<div class=\"e-con-inner\">\n\t\t<div class=\"elementor-element elementor-element-4d8d722 e-con-full e-flex e-con e-child\" data-id=\"4d8d722\" data-element_type=\"container\">\n\t\t\t\t<div class=\"elementor-element elementor-element-a0cde57 elementor-widget elementor-widget-heading\" data-id=\"a0cde57\" data-element_type=\"widget\" data-widget_type=\"heading.default\">\n\t\t\t\t<div class=\"elementor-widget-container\">\n\t\t\t\t\t<h1 class=\"elementor-heading-title elementor-size-default\">Datenschutzrichtlinie soziale Netzwerke<\/h1>\t\t\t\t<\/div>\n\t\t\t\t<\/div>\n\t\t\t\t<div class=\"elementor-element elementor-element-26fff46 elementor-widget elementor-widget-text-editor\" data-id=\"26fff46\" data-element_type=\"widget\" data-widget_type=\"text-editor.default\">\n\t\t\t\t<div class=\"elementor-widget-container\">\n\t\t\t\t\t\t\t\t\t<p><strong>1. INFORMATIONEN F\u00dcR DIE NUTZERPERSON<\/strong><br \/><strong>Wer ist f\u00fcr die Verarbeitung Ihrer personen<![CDATA[bezogenen Daten verantwortlich?<\/strong><br \/>FORMIN, SAist verantwortlich f\u00fcr die Verarbeitung der personenbezogenen Daten jener PERSONEN, die ein Profil in einem ihrer sozialen Netzwerke erstellt haben. Diese Daten werden gem\u00e4\u00df den Bestimmungen der Verordnung (EU) 2016\/679 vom 27. April (DSGVO), des Gesetzes 3\/2018 vom 5. Dezember (LOPDGDD) sowie des Gesetzes \u00fcber Dienste der Informationsgesellschaft und elektronischen Gesch\u00e4ftsverkehr (LSSI) verarbeitet. Hierzu werden die folgenden Informationen zur Verarbeitung bereitgestellt:<\/p><p><strong><br \/>Zu welchem Zweck verarbeiten wir Ihre personenbezogenen Daten?<\/strong><br \/><strong>Zweck der Verarbeitung:<\/strong> zur Aufrechterhaltung einer Beziehung zwischen der NUTZERPERSON und FORMIN, SA (nachfolgend der VERANTWORTLICHE), die folgende Vorg\u00e4nge umfassen kann:<br \/><br \/><\/p><ul><li>Bearbeitung von an den Verantwortlichen gerichteten Anfragen und Ausk\u00fcnften<\/li><li>Informationen \u00fcber vom Verantwortlichen organisierte Aktivit\u00e4ten und Veranstaltungen<\/li><li>Informationen \u00fcber vom Verantwortlichen angebotene Produkte oder Dienstleistungen<\/li><li>Interaktion \u00fcber die offiziellen Profile<\/li><\/ul><p><br \/>Wenn der VERANTWORTLICHE personenbezogene Daten \u00fcber seine sozialen Netzwerke erhebt und verarbeitet, werden die NUTZERPERSONEN \u00fcber den Zweck der Datenerhebung sowie \u00fcber ihre Rechte in Bezug auf ihre personenbezogenen Daten informiert. Die personenbezogenen Daten werden ausschlie\u00dflich f\u00fcr die angegebenen Zwecke verwendet und sicher aufbewahrt.<\/p><p><strong><br \/>Rechtsgrundlage der Verarbeitung:<\/strong>die von der NUTZERPERSON ausdr\u00fccklich erteilte Einwilligung zur Verarbeitung ihrer personenbezogenen Daten f\u00fcr einen oder mehrere bestimmte Zwecke (Artikel 6.1.a DSGVO).<\/p><p><br \/>Andererseits kann die NUTZERPERSON jederzeit auf die Datenschutzrichtlinien des jeweiligen sozialen Netzwerks zugreifen sowie ihr Profil so konfigurieren, dass ihre Privatsph\u00e4re gew\u00e4hrleistet wird.<\/p><p><strong><br \/>Wie lange speichern wir Ihre personenbezogenen Daten?<\/strong><br \/>Kriterien f\u00fcr die Aufbewahrung der Daten: Sie werden aufbewahrt, solange die NUTZERPERSON die erteilte Einwilligung nicht widerruft, wie in dieser Datenschutzrichtlinie angegeben.<\/p><p><strong><br \/>An wen \u00fcbermitteln wir Ihre personenbezogenen Daten?<\/strong><br \/><strong>Mitteilung der Daten:<\/strong> Die von der NUTZERPERSON \u00fcber die sozialen Netzwerke des VERANTWORTLICHEN bereitgestellten Informationen, einschlie\u00dflich ihrer personenbezogenen Daten, k\u00f6nnen ver\u00f6ffentlicht werden, stets abh\u00e4ngig von den Diensten, die NUTZERPERSON nutzt, sodass sie anderen Dritt Nutzern der sozialen Netzwerke \u00f6ffentlich zug\u00e4nglich sein k\u00f6nnen. \u00dcber das Profil des jeweiligen sozialen Netzwerks kann die NUTZERPERSON festlegen, welche Informationen sie im Einzelfall \u00f6ffentlich machen m\u00f6chte, die erteilten Berechtigungen einsehen, diese l\u00f6schen oder deaktivieren, ebenso wie jede Drittanbieteranwendung, die nicht mehr genutzt werden soll.<\/p><p><br \/>Es ist jedoch keine Mitteilung personenbezogener Daten an Dritte au\u00dferhalb des sozialen Netzwerks vorgesehen, es sei denn, dies ist f\u00fcr die Entwicklung und Durchf\u00fchrung der Zwecke der Verarbeitung unerl\u00e4sslich, an unsere Dienstleister im Zusammenhang mit Kommunikation, mit denen der VERANTWORTLICHE die nach den geltenden Datenschutzvorschriften erforderlichen Vertraulichkeits- und Auftragsverarbeitungsvertr\u00e4ge abgeschlossen hat.<\/p><p><strong><br \/>Welche Rechte haben Sie?<\/strong><br \/>Rechte, die der NUTZERPERSON zustehen: Sie k\u00f6nnen nur in Bezug auf jene Informationen erf\u00fcllt werden, die sich unter der Kontrolle des VERANTWORTLICHEN befinden.<br \/><br \/><\/p><ul><li>Recht, die Einwilligung jederzeit zu widerrufen.<\/li><li>Recht auf Auskunft, Berichtigung, \u00dcbertragbarkeit und L\u00f6schung Ihrer Daten sowie auf Einschr\u00e4nkung der Verarbeitung oder Widerspruch gegen diese.<\/li><li>Recht, eine Beschwerde bei der Aufsichtsbeh\u00f6rde (www.aepd.es) einzureichen, wenn Sie der Ansicht sind, dass die Verarbeitung nicht den geltenden Vorschriften entspricht.<\/li><\/ul><p><strong><br \/>Kontaktdaten zur Aus\u00fcbung Ihrer Rechte:<\/strong><br \/>FORMIN, SA C\/ Ambika, Torroella de Baix, 1 &#8211; 08272 Torroella de Baix (Barcelona). E-mail:<br \/>forminsa@forminsa.com<\/p><p><br \/>Die vollst\u00e4ndige Datenschutzrichtlinie ist auf forminsa.com verf\u00fcgbar.<\/p><p><strong><br \/>2. NUTZUNG DES PROFILS<\/strong><br \/>Der VERANTWORTLICHE wird die folgenden Ma\u00dfnahmen durchf\u00fchren:<br \/><br \/><\/p><ul><li>Zugriff auf die \u00f6ffentlichen Informationen des Profils.<\/li><li>Ver\u00f6ffentlichung s\u00e4mtlicher Informationen im Profil der NUTZERPERSON, die bereits im sozialen Netzwerk des VERANTWORTLICHEN ver\u00f6ffentlicht wurden.<\/li><li>Versand pers\u00f6nlicher und individueller Nachrichten \u00fcber die Kan\u00e4le des sozialen Netzwerks.<\/li><li>Aktualisierungen des Status der Seite, die im Profil der NUTZERPERSON ver\u00f6ffentlicht werden.<\/li><\/ul><p><br \/>Die NUTZERPERSON kann ihre Verbindungen jederzeit kontrollieren, Inhalte, die sie nicht mehr interessieren, entfernen und einschr\u00e4nken, mit wem sie ihre Verbindungen teilt; hierf\u00fcr muss sie auf ihre Einstellungen zugreifen, wo sie verschiedene Konfigurationsm\u00f6glichkeiten hinsichtlich des Grades der Privatsph\u00e4re des Nutzerprofils im sozialen Netzwerk findet.<\/p><p><strong><br \/>3. VER\u00d6FFENTLICHUNGEN<\/strong><br \/>Zweck der sozialen Netzwerke ist es, den vom VERANTWORTLICHEN durchgef\u00fchrten Aktivit\u00e4ten Sichtbarkeit zu verleihen und sie zu verbreiten. Diese Werkzeuge speichern personenbezogene Daten auf den Servern der jeweiligen Dienste und unterliegen deren eigener Datenschutzrichtlinie.<\/p><p><br \/>Sobald die NUTZERPERSON Followerin ist oder dem sozialen Netzwerk des VERANTWORTLICHEN beigetreten ist, kann sie dort Kommentare, Links, Bilder, Fotografien oder jede andere Art von Multimedia-Inhalten ver\u00f6ffentlichen, die von diesem unterst\u00fctzt werden. Die NUTZERPERSON muss in jedem Fall Inhaberin der ver\u00f6ffentlichten Inhalte sein, \u00fcber die Urheberrechte und Rechte des geistigen Eigentums verf\u00fcgen oder die Einwilligung der betroffenen Dritten besitzen.<\/p><p><br \/>Jegliche Ver\u00f6ffentlichung im sozialen Netzwerk, seien es Texte, Grafiken, Fotografien, Videos usw., die gegen Moral, Ethik, guten Geschmack oder Anstand versto\u00dfen oder versto\u00dfen k\u00f6nnten und\/oder die Rechte des geistigen oder gewerblichen Eigentums, das Recht am eigenen Bild oder das Gesetz verletzen, dagegen versto\u00dfen oder diese missachten, ist ausdr\u00fccklich untersagt. Beleidigende, verleumderische, rechtswidrige oder unangemessene Kommentare oder Inhalte in den Profilen des Unternehmens werden nicht toleriert. Das Unternehmen beh\u00e4lt sich das Recht vor, solche Kommentare oder Inhalte zu entfernen und die verantwortlichen Nutzer zu sperren.<\/p><p><br \/>In diesen F\u00e4llen beh\u00e4lt sich der VERANTWORTLICHE das Recht vor, den Inhalt unverz\u00fcglich und ohne vorherige Mitteilung zu entfernen, wobei die dauerhafte Sperrung der NUTZERPERSON beantragt werden kann.<\/p><p><br \/>Der VERANTWORTLICHE \u00fcbernimmt keine Verantwortung f\u00fcr die Inhalte, die NUTZERPERSON frei ver\u00f6ffentlicht hat.<\/p><p><br \/>Die NUTZERPERSON muss ber\u00fccksichtigen, dass ihre Ver\u00f6ffentlichungen anderen Nutzern bekannt sein werden, weshalb sie selbst die Hauptverantwortliche f\u00fcr ihre Privatsph\u00e4re ist.<\/p><p><br \/>Die Bilder, die im sozialen Netzwerk ver\u00f6ffentlicht werden k\u00f6nnen, werden vom VERANTWORTLICHEN in keiner Datei gespeichert, verbleiben jedoch im sozialen Netzwerk.<\/p><p><strong><br \/>4. DATEN VON MINDERJ\u00c4HRIGEN ODER PERSONEN MIT BESONDEREN F\u00c4HIGKEITEN<\/strong><br \/>Es wird empfohlen, die Nutzungsbedingungen und die Datenschutzrichtlinie des jeweiligen sozialen Netzwerks zum Zeitpunkt der Registrierung zu \u00fcberpr\u00fcfen und zu lesen, wobei die unterschiedlichen Altersanforderungen f\u00fcr die Registrierung zu ber\u00fccksichtigen sind.<\/p><p><br \/>Ebenso wird der VERANTWORTLICHE ausdr\u00fccklich von jeglicher Verantwortung freigestellt, die sich aus der Nutzung der sozialen Netzwerke durch Minderj\u00e4hrige oder Personen mit besonderen F\u00e4higkeiten ergeben k\u00f6nnte und deren Zugang unter der Aufsicht und Kontrolle ihrer gesetzlichen Vertreter erfolgen sollte.<\/p><p><br \/>Der VERANTWORTLICHE beh\u00e4lt sich das Recht vor, diese Richtlinie jederzeit zu \u00e4ndern. \u00c4nderungen werden \u00fcber unsere Social-Media-Profile und\/oder unsere Website mitgeteilt.<\/p>\t\t\t\t\t\t\t\t<\/div>\n\t\t\t\t<\/div>\n\t\t\t\t<\/div>\n\t\t\t\t\t<\/div>\n\t\t\t\t<\/div>\n\t\t\t\t<\/div>\n\t\t","protected":false},"excerpt":{"rendered":"<p>1. INFORMATIONEN F\u00dcR DIE NUTZERPERSONWer ist f\u00fcr die Verarbeitung Ihrer personenFORMIN, SAist verantwortlich f\u00fcr die Verarbeitung der personenbezogenen Daten jener PERSONEN, die ein Profil in einem ihrer sozialen Netzwerke erstellt haben. Diese Daten werden gem\u00e4\u00df den Bestimmungen der Verordnung (EU) 2016\/679 vom 27. April (DSGVO), des Gesetzes 3\/2018 vom 5. Dezember (LOPDGDD) sowie des Gesetzes<a class=\"more-link\" href=\"https:\/\/shop.forminsa.com\/de\/datenschutzrichtlinie-soziale-netzwerke\/\"><span class=\"screen-reader-text\">&#8222;Datenschutzrichtlinie soziale Netzwerke&#8220;<\/span> weiterlesen<\/a><\/p>\n","protected":false},"author":1,"featured_media":0,"parent":0,"menu_order":0,"comment_status":"closed","ping_status":"closed","template":"","meta":{"footnotes":""},"class_list":["post-1695","page","type-page","status-publish","hentry","entry"],"yoast_head":"<!-- This site is optimized with the Yoast SEO plugin v26.8 - https:\/\/yoast.com\/product\/yoast-seo-wordpress\/ -->\n<title>Datenschutzrichtlinie soziale Netzwerke | SHOP BRIDAS FORMINSA<\/title>\n<meta name=\"description\" content=\"Datenschutzrichtlinie von Forminsa in sozialen Netzwerken: wie wir Ihre Daten und Ihre Interaktion auf unseren Social-Media-Konten verarbeiten.\" \/>\n<meta name=\"robots\" content=\"noindex, follow\" \/>\n<meta property=\"og:locale\" content=\"de_DE\" \/>\n<meta property=\"og:type\" content=\"article\" \/>\n<meta property=\"og:title\" content=\"Datenschutzrichtlinie soziale Netzwerke | SHOP BRIDAS FORMINSA\" \/>\n<meta property=\"og:description\" content=\"Datenschutzrichtlinie von Forminsa in sozialen Netzwerken: wie wir Ihre Daten und Ihre Interaktion auf unseren Social-Media-Konten verarbeiten.\" \/>\n<meta property=\"og:url\" content=\"https:\/\/shop.forminsa.com\/de\/datenschutzrichtlinie-soziale-netzwerke\/\" \/>\n<meta property=\"og:site_name\" content=\"SHOP BRIDAS FORMINSA\" \/>\n<meta property=\"article:modified_time\" content=\"2026-04-30T06:39:01+00:00\" \/>\n<meta property=\"og:image\" content=\"https:\/\/shop.forminsa.com\/wp-content\/uploads\/2026\/01\/Forminsa-logo-1.jpg\" \/>\n\t<meta property=\"og:image:width\" content=\"1280\" \/>\n\t<meta property=\"og:image:height\" content=\"720\" \/>\n\t<meta property=\"og:image:type\" content=\"image\/jpeg\" \/>\n<meta name=\"twitter:card\" content=\"summary_large_image\" \/>\n<meta name=\"twitter:label1\" content=\"Gesch\u00e4tzte Lesezeit\" \/>\n\t<meta name=\"twitter:data1\" content=\"5\u00a0Minuten\" \/>\n<script type=\"application\/ld+json\" class=\"yoast-schema-graph\">{\"@context\":\"https:\/\/schema.org\",\"@graph\":[{\"@type\":\"WebPage\",\"@id\":\"https:\/\/shop.forminsa.com\/de\/datenschutzrichtlinie-soziale-netzwerke\/\",\"url\":\"https:\/\/shop.forminsa.com\/de\/datenschutzrichtlinie-soziale-netzwerke\/\",\"name\":\"Datenschutzrichtlinie soziale Netzwerke | SHOP BRIDAS FORMINSA\",\"isPartOf\":{\"@id\":\"https:\/\/shop.forminsa.com\/de\/#website\"},\"datePublished\":\"2025-12-15T11:55:35+00:00\",\"dateModified\":\"2026-04-30T06:39:01+00:00\",\"description\":\"Datenschutzrichtlinie von Forminsa in sozialen Netzwerken: wie wir Ihre Daten und Ihre Interaktion auf unseren Social-Media-Konten verarbeiten.\",\"breadcrumb\":{\"@id\":\"https:\/\/shop.forminsa.com\/de\/datenschutzrichtlinie-soziale-netzwerke\/#breadcrumb\"},\"inLanguage\":\"de\",\"potentialAction\":[{\"@type\":\"ReadAction\",\"target\":[\"https:\/\/shop.forminsa.com\/de\/datenschutzrichtlinie-soziale-netzwerke\/\"]}]},{\"@type\":\"BreadcrumbList\",\"@id\":\"https:\/\/shop.forminsa.com\/de\/datenschutzrichtlinie-soziale-netzwerke\/#breadcrumb\",\"itemListElement\":[{\"@type\":\"ListItem\",\"position\":1,\"name\":\"Portada\",\"item\":\"https:\/\/shop.forminsa.com\/de\/\"},{\"@type\":\"ListItem\",\"position\":2,\"name\":\"Datenschutzrichtlinie soziale Netzwerke\"}]},{\"@type\":\"WebSite\",\"@id\":\"https:\/\/shop.forminsa.com\/de\/#website\",\"url\":\"https:\/\/shop.forminsa.com\/de\/\",\"name\":\"SHOP BRIDAS FORMINSA\",\"description\":\"Formin the future\",\"publisher\":{\"@id\":\"https:\/\/shop.forminsa.com\/de\/#organization\"},\"alternateName\":\"BRIDAS FORMINSA\",\"potentialAction\":[{\"@type\":\"SearchAction\",\"target\":{\"@type\":\"EntryPoint\",\"urlTemplate\":\"https:\/\/shop.forminsa.com\/de\/?s={search_term_string}\"},\"query-input\":{\"@type\":\"PropertyValueSpecification\",\"valueRequired\":true,\"valueName\":\"search_term_string\"}}],\"inLanguage\":\"de\"},{\"@type\":\"Organization\",\"@id\":\"https:\/\/shop.forminsa.com\/de\/#organization\",\"name\":\"SHOP BRIDAS FORMINSA\",\"alternateName\":\"FORMINSA\",\"url\":\"https:\/\/shop.forminsa.com\/de\/\",\"logo\":{\"@type\":\"ImageObject\",\"inLanguage\":\"de\",\"@id\":\"https:\/\/shop.forminsa.com\/de\/#\/schema\/logo\/image\/\",\"url\":\"https:\/\/shop.forminsa.com\/wp-content\/uploads\/2025\/10\/F.svg\",\"contentUrl\":\"https:\/\/shop.forminsa.com\/wp-content\/uploads\/2025\/10\/F.svg\",\"width\":200,\"height\":390,\"caption\":\"SHOP BRIDAS FORMINSA\"},\"image\":{\"@id\":\"https:\/\/shop.forminsa.com\/de\/#\/schema\/logo\/image\/\"},\"sameAs\":[\"https:\/\/www.linkedin.com\/company\/forminsa\/\"]}]}<\/script>\n<!-- \/ Yoast SEO plugin. -->","yoast_head_json":{"title":"Datenschutzrichtlinie soziale Netzwerke | SHOP BRIDAS FORMINSA","description":"Datenschutzrichtlinie von Forminsa in sozialen Netzwerken: wie wir Ihre Daten und Ihre Interaktion auf unseren Social-Media-Konten verarbeiten.","robots":{"index":"noindex","follow":"follow"},"og_locale":"de_DE","og_type":"article","og_title":"Datenschutzrichtlinie soziale Netzwerke | SHOP BRIDAS FORMINSA","og_description":"Datenschutzrichtlinie von Forminsa in sozialen Netzwerken: wie wir Ihre Daten und Ihre Interaktion auf unseren Social-Media-Konten verarbeiten.","og_url":"https:\/\/shop.forminsa.com\/de\/datenschutzrichtlinie-soziale-netzwerke\/","og_site_name":"SHOP BRIDAS FORMINSA","article_modified_time":"2026-04-30T06:39:01+00:00","og_image":[{"width":1280,"height":720,"url":"https:\/\/shop.forminsa.com\/wp-content\/uploads\/2026\/01\/Forminsa-logo-1.jpg","type":"image\/jpeg"}],"twitter_card":"summary_large_image","twitter_misc":{"Gesch\u00e4tzte Lesezeit":"5\u00a0Minuten"},"schema":{"@context":"https:\/\/schema.org","@graph":[{"@type":"WebPage","@id":"https:\/\/shop.forminsa.com\/de\/datenschutzrichtlinie-soziale-netzwerke\/","url":"https:\/\/shop.forminsa.com\/de\/datenschutzrichtlinie-soziale-netzwerke\/","name":"Datenschutzrichtlinie soziale Netzwerke | SHOP BRIDAS FORMINSA","isPartOf":{"@id":"https:\/\/shop.forminsa.com\/de\/#website"},"datePublished":"2025-12-15T11:55:35+00:00","dateModified":"2026-04-30T06:39:01+00:00","description":"Datenschutzrichtlinie von Forminsa in sozialen Netzwerken: wie wir Ihre Daten und Ihre Interaktion auf unseren Social-Media-Konten verarbeiten.","breadcrumb":{"@id":"https:\/\/shop.forminsa.com\/de\/datenschutzrichtlinie-soziale-netzwerke\/#breadcrumb"},"inLanguage":"de","potentialAction":[{"@type":"ReadAction","target":["https:\/\/shop.forminsa.com\/de\/datenschutzrichtlinie-soziale-netzwerke\/"]}]},{"@type":"BreadcrumbList","@id":"https:\/\/shop.forminsa.com\/de\/datenschutzrichtlinie-soziale-netzwerke\/#breadcrumb","itemListElement":[{"@type":"ListItem","position":1,"name":"Portada","item":"https:\/\/shop.forminsa.com\/de\/"},{"@type":"ListItem","position":2,"name":"Datenschutzrichtlinie soziale Netzwerke"}]},{"@type":"WebSite","@id":"https:\/\/shop.forminsa.com\/de\/#website","url":"https:\/\/shop.forminsa.com\/de\/","name":"SHOP BRIDAS FORMINSA","description":"Formin the future","publisher":{"@id":"https:\/\/shop.forminsa.com\/de\/#organization"},"alternateName":"BRIDAS FORMINSA","potentialAction":[{"@type":"SearchAction","target":{"@type":"EntryPoint","urlTemplate":"https:\/\/shop.forminsa.com\/de\/?s={search_term_string}"},"query-input":{"@type":"PropertyValueSpecification","valueRequired":true,"valueName":"search_term_string"}}],"inLanguage":"de"},{"@type":"Organization","@id":"https:\/\/shop.forminsa.com\/de\/#organization","name":"SHOP BRIDAS FORMINSA","alternateName":"FORMINSA","url":"https:\/\/shop.forminsa.com\/de\/","logo":{"@type":"ImageObject","inLanguage":"de","@id":"https:\/\/shop.forminsa.com\/de\/#\/schema\/logo\/image\/","url":"https:\/\/shop.forminsa.com\/wp-content\/uploads\/2025\/10\/F.svg","contentUrl":"https:\/\/shop.forminsa.com\/wp-content\/uploads\/2025\/10\/F.svg","width":200,"height":390,"caption":"SHOP BRIDAS FORMINSA"},"image":{"@id":"https:\/\/shop.forminsa.com\/de\/#\/schema\/logo\/image\/"},"sameAs":["https:\/\/www.linkedin.com\/company\/forminsa\/"]}]}},"_links":{"self":[{"href":"https:\/\/shop.forminsa.com\/de\/wp-json\/wp\/v2\/pages\/1695","targetHints":{"allow":["GET"]}}],"collection":[{"href":"https:\/\/shop.forminsa.com\/de\/wp-json\/wp\/v2\/pages"}],"about":[{"href":"https:\/\/shop.forminsa.com\/de\/wp-json\/wp\/v2\/types\/page"}],"author":[{"embeddable":true,"href":"https:\/\/shop.forminsa.com\/de\/wp-json\/wp\/v2\/users\/1"}],"replies":[{"embeddable":true,"href":"https:\/\/shop.forminsa.com\/de\/wp-json\/wp\/v2\/comments?post=1695"}],"version-history":[{"count":1,"href":"https:\/\/shop.forminsa.com\/de\/wp-json\/wp\/v2\/pages\/1695\/revisions"}],"predecessor-version":[{"id":1696,"href":"https:\/\/shop.forminsa.com\/de\/wp-json\/wp\/v2\/pages\/1695\/revisions\/1696"}],"wp:attachment":[{"href":"https:\/\/shop.forminsa.com\/de\/wp-json\/wp\/v2\/media?parent=1695"}],"curies":[{"name":"wp","href":"https:\/\/api.w.org\/{rel}","templated":true}]}}