{"id":1718,"date":"2021-04-21T08:42:48","date_gmt":"2021-04-21T06:42:48","guid":{"rendered":"https:\/\/shop.forminsa.com\/impressum\/"},"modified":"2026-04-30T08:39:01","modified_gmt":"2026-04-30T06:39:01","slug":"impressum","status":"publish","type":"page","link":"https:\/\/shop.forminsa.com\/de\/impressum\/","title":{"rendered":"Impressum"},"content":{"rendered":"\t\t<div data-elementor-type=\"wp-page\" data-elementor-id=\"1718\" class=\"elementor elementor-1718 elementor-56\" data-elementor-post-type=\"page\">\n\t\t\t\t<div class=\"elementor-element elementor-element-5e9315e e-flex e-con-boxed e-con e-parent\" data-id=\"5e9315e\" data-element_type=\"container\">\n\t\t\t\t\t<div class=\"e-con-inner\">\n\t\t<div class=\"elementor-element elementor-element-4d8d722 e-con-full e-flex e-con e-child\" data-id=\"4d8d722\" data-element_type=\"container\">\n\t\t\t\t<div class=\"elementor-element elementor-element-a0cde57 elementor-widget elementor-widget-heading\" data-id=\"a0cde57\" data-element_type=\"widget\" data-widget_type=\"heading.default\">\n\t\t\t\t<div class=\"elementor-widget-container\">\n\t\t\t\t\t<h1 class=\"elementor-heading-title elementor-size-default\">Impressum<\/h1>\t\t\t\t<\/div>\n\t\t\t\t<\/div>\n\t\t\t\t<div class=\"elementor-element elementor-element-26fff46 elementor-widget elementor-widget-text-editor\" data-id=\"26fff46\" data-element_type=\"widget\" data-widget_type=\"text-editor.default\">\n\t\t\t\t<div class=\"elementor-widget-container\">\n\t\t\t\t\t\t\t\t\t<p><b>GEGENSTAND<\/b><\/p><p><span style=\"font-weight: 400;\">Gegenstand der vorliegenden Kaufbedingungen ist die Lieferung der in ihrem Online-Shop angebotenen Produkte durch<\/span><span style=\"font-weight: 400;\"> FORMIN S.A.<\/span><span style=\"font-weight: 400;\"> gegen eine wirtschaftliche Gegenleistung.<\/span><\/p><p><span style=\"font-weight: 400;\">Durch den Zugriff auf unser Portal verpflichtet sich der Kunde, die Gesch\u00e4ftsbedingungen sowie die darin enthaltenen Nutzungsregeln einzuhalten.<\/span><\/p><p><span style=\"font-weight: 400;\"><br \/><\/span><b>ANGABEN ZUR IDENTIFIKATION<\/b><\/p><p><span style=\"font-weight: 400;\">In Erf\u00fcllung der Informationspflicht gem\u00e4\u00df Artikel 10 des Gesetzes 34\/2002 vom 11. Juli \u00fcber Dienste der Informationsgesellschaft und des elektronischen Gesch\u00e4ftsverkehrs entsprechen die hier angegebenen Daten der Inhaberin der <\/span><span style=\"font-weight: 400;\">Website: <\/span><a href=\"https:\/\/www.forminsa.com\/\"><span style=\"font-weight: 400;\">https:\/\/www.forminsa.com\/<\/span><\/a><span style=\"font-weight: 400;\"> (Subdomain)<\/span><\/p><p><b><br \/>Gesch\u00e4ftsanschrift: <\/b><span style=\"font-weight: 400;\">FORMIN S.A.<\/span><\/p><p><b>Domicilio:<\/b><span style=\"font-weight: 400;\">\u00a0C\/ Ambika n\u00ba 1, Torroella de Baix, Sant Fruit\u00f3s de Bages (Barcelona) Spanien<\/span><\/p><p><b>Telefon: <\/b><span style=\"font-weight: 400;\">+34 938 340 528<\/span><\/p><p><b>E-Mail<\/b><span style=\"font-weight: 400;\">: <\/span><a href=\"mailto:info@forminsa.com\"><span style=\"font-weight: 400;\">info@forminsa.com<\/span><\/a><span style=\"font-weight: 400;\"> \u00a0 \u00a0\u00a0\u00a0\u00a0<\/span><\/p><p><b>CIF: <\/b><span style=\"font-weight: 400;\">A58098179<\/span><\/p><p><span style=\"font-weight: 400;\">Registereintragung: Handelsregister von Barcelona, Band 33.726, Blatt 204, Registerblatt Nummer B-22210.<\/span><\/p><p><strong>Geistiges und gewerbliches Eigentum<\/strong><\/p><p><span style=\"font-weight: 400;\">Alle Rechte des gewerblichen und geistigen Eigentums an s\u00e4mtlichen auf dieser Website enthaltenen Elementen, einschlie\u00dflich Marken, Formaten, grafischen Gestaltungen, Texten, Bildern und Dokumenten, geh\u00f6ren FORMIN S.A. und sind durch die spanischen und internationalen Gesetze \u00fcber geistiges und gewerbliches Eigentum gesch\u00fctzt. Die vollst\u00e4ndige oder teilweise Vervielf\u00e4ltigung dieser Website und ihrer Inhalte ohne die ausdr\u00fcckliche schriftliche Genehmigung von FORMIN S.A. ist ausdr\u00fccklich untersagt.<\/span><\/p><p><span style=\"font-weight: 400;\">Der Zugriff auf die Website bedeutet keinerlei Verzicht, \u00dcbertragung, Lizenz oder Abtretung dieser Rechte durch FORMIN S.A., sofern nicht ausdr\u00fccklich etwas anderes festgelegt wird.<\/span><\/p><p><b>Nutzungsbedingungen<\/b><\/p><p><span style=\"font-weight: 400;\">Der Zugriff auf diese Website setzt die vorbehaltlose Annahme dieser Nutzungsbedingungen voraus, die den Zugriff auf die Website und deren Nutzung regeln, um den Nutzern Informationen \u00fcber unsere Produkte zur Verf\u00fcgung zu stellen.<\/span><\/p><p><span style=\"font-weight: 400;\">Die Nutzung der Inhalte dieser Website zu kommerziellen Zwecken oder zu deren Verbreitung, Umgestaltung oder \u00f6ffentlichen Wiedergabe ist ausdr\u00fccklich untersagt.<\/span><\/p><p><span style=\"font-weight: 400;\">FORMIN S.A. haftet nicht f\u00fcr Folgen, Sch\u00e4den oder Nachteile jeglicher Art, die sich aus dieser Nutzung oder Verwendung der Informationen ergeben k\u00f6nnten.<\/span><\/p><p><span style=\"font-weight: 400;\">Sowohl der Zugriff auf diese Website als auch die Nutzung der darin enthaltenen Informationen erfolgt in der ausschlie\u00dflichen Verantwortung der Person, die dies vornimmt.<\/span><\/p><p><span style=\"font-weight: 400;\">Der Nutzer verpflichtet sich, die auf dieser Website ver\u00f6ffentlichten Informationen nicht zu rechtswidrigen oder sch\u00e4digenden Zwecken oder Wirkungen zu verwenden, die Informationen nicht zu besch\u00e4digen oder unbrauchbar zu machen und keine sonstige Handlung vorzunehmen, die dem Inhalt dieses Impressums widersprechen k\u00f6nnte.<\/span><\/p><p><span style=\"font-weight: 400;\">FORMIN S.A. beh\u00e4lt sich das Recht vor, die Inhalte des kommerziellen Produktangebots zu \u00e4ndern, wenn sie dies f\u00fcr zweckm\u00e4\u00dfig h\u00e4lt, und deren Inhalt aktuell zu halten.<\/span><\/p><p><span style=\"font-weight: 400;\">FORMIN S.A. kann nicht gew\u00e4hrleisten, dass es beim Zugriff auf diese Website nicht zu Unterbrechungen oder Fehlern kommt, wird jedoch gr\u00f6\u00dftm\u00f6gliche Anstrengungen unternehmen, um diese zu vermeiden.<\/span><\/p><p><span style=\"font-weight: 400;\">\u00a0<\/span><\/p><p><b>Datenschutzrichtlinie<\/b><\/p><p><span style=\"font-weight: 400;\">In Erf\u00fcllung der VERORDNUNG (EU) 2016\/679 DES EUROP\u00c4ISCHEN PARLAMENTS UND DES RATES vom 27. April 2016 \u00fcber den Schutz nat\u00fcrlicher Personen bei der Verarbeitung personenbezogener Daten und den freien Verkehr solcher Daten sowie ihrer Durchf\u00fchrungsbestimmungen werden Sie dar\u00fcber informiert, dass die von Ihnen bereitgestellten personenbezogenen Daten zu dem Zweck verarbeitet werden, Ihnen die angeforderten Informationen \u00fcber unsere Produkte bereitzustellen.<\/span><\/p><p><span style=\"font-weight: 400;\">Durch das Ausf\u00fcllen von Reservierungs- oder Kontaktformularen auf der Website oder durch das Versenden von E-Mails oder jeder anderen Art von Informationsanfrage an FORMIN S.A. erteilt die betroffene Person ihre ausdr\u00fcckliche Einwilligung zur Verarbeitung ihrer personenbezogenen Daten und zum Erhalt kommerzieller Mitteilungen \u00fcber die Produkte von FORMIN S.A.<\/span><\/p><p><span style=\"font-weight: 400;\">In keinem Fall wird FORMIN S.A. die personenbezogenen Daten der betroffenen Personen f\u00fcr andere als die zuvor genannten Zwecke verwenden oder sie ohne die vorherige und ausdr\u00fcckliche Einwilligung der betroffenen Person an Dritte weitergeben, und sie verpflichtet sich, das gebotene Berufsgeheimnis zu wahren und die erforderlichen technischen und organisatorischen Ma\u00dfnahmen zu treffen, um die Informationen gem\u00e4\u00df den Anforderungen der genannten Verordnung zu sch\u00fctzen.<\/span><\/p><p><span style=\"font-weight: 400;\">Die bereitgestellten Daten werden f\u00fcr die Dauer der Gesch\u00e4ftsbeziehung oder w\u00e4hrend der zur Erf\u00fcllung gesetzlicher Verpflichtungen erforderlichen Jahre aufbewahrt. Sie k\u00f6nnen jedoch jederzeit den Zugriff auf Ihre personenbezogenen Daten sowie deren Berichtigung oder L\u00f6schung verlangen. Ebenso k\u00f6nnen Sie deren Verarbeitung einschr\u00e4nken oder der Verarbeitung direkt widersprechen oder das Recht auf \u00dcbertragbarkeit dieser Daten aus\u00fcben.<\/span><\/p><p><span style=\"font-weight: 400;\">Wir informieren Sie au\u00dferdem \u00fcber Ihr Recht, bei der Spanischen Datenschutzbeh\u00f6rde eine Beschwerde einzureichen, wenn Sie der Ansicht sind, dass bei der Verarbeitung Ihrer Daten Ihre Rechte nicht gewahrt werden.<\/span><\/p><p><span style=\"font-weight: 400;\">Identit\u00e4t des Verantwortlichen (Kontakt):\u00a0<\/span><\/p><p><b>Richtlinie zum Schutz Minderj\u00e4hriger<\/b><\/p><p><span style=\"font-weight: 400;\">Wer die Daten \u00fcber die Formulare dieser Website bereitstellt und deren Verarbeitung akzeptiert, erkl\u00e4rt f\u00f6rmlich, \u00e4lter als 14 Jahre zu sein.<\/span><\/p><p><span style=\"font-weight: 400;\">Minderj\u00e4hrigen unter 14 Jahren ist der Zugriff auf das Portal und dessen Nutzung untersagt.<\/span><\/p><p><span style=\"font-weight: 400;\">FORMIN S.A. weist vollj\u00e4hrige Personen, die Minderj\u00e4hrige in ihrer Obhut haben, darauf hin, dass es in ihrer alleinigen Verantwortung liegt, wenn ein Minderj\u00e4hriger seine Daten eingibt, um ein Produkt anzufordern.<\/span><\/p><p><span style=\"font-weight: 400;\">Au\u00dferdem informiert FORMIN S.A. sie dar\u00fcber, dass es Computerprogramme gibt, mit denen das Surfen durch Filterung oder Sperrung bestimmter Inhalte eingeschr\u00e4nkt werden kann.<\/span><\/p><p><span style=\"font-weight: 400;\">\u00a0<\/span><\/p><p><b>Anwendbares Recht und Gerichtsstand<\/b><\/p><p><span style=\"font-weight: 400;\">Das vorliegende Impressum unterliegt den geltenden spanischen Vorschriften, die darauf Anwendung finden.<\/span><\/p><p><span style=\"font-weight: 400;\">F\u00fcr die Beilegung von Streitigkeiten, die sich aus den Bestimmungen dieser Regelungen sowie aus deren Auslegung, Anwendung und Erf\u00fcllung ergeben k\u00f6nnten, verzichtet der Nutzer aufgrund der Annahme der in diesem Impressum enthaltenen Bedingungen ausdr\u00fccklich auf jeden anderen Gerichtsstand, der ihm zustehen k\u00f6nnte.<\/span><\/p><p><span style=\"font-weight: 400;\">In jedem Fall verzichtet der Nutzer innerhalb der spanischen Gerichtsbarkeit, sofern die Gesetzgebung die Unterwerfung unter einen bestimmten Gerichtsstand zul\u00e4sst, ausdr\u00fccklich auf den Gerichtsstand, der ihm zustehen k\u00f6nnte, und unterwirft sich freiwillig der Gerichtsbarkeit der Gerichte und Tribunale von <\/span><span style=\"font-weight: 400;\">Barcelona<\/span><span style=\"font-weight: 400;\">.<\/span><\/p>\t\t\t\t\t\t\t\t<\/div>\n\t\t\t\t<\/div>\n\t\t\t\t<\/div>\n\t\t\t\t\t<\/div>\n\t\t\t\t<\/div>\n\t\t\t\t<\/div>\n\t\t","protected":false},"excerpt":{"rendered":"<p>GEGENSTAND Gegenstand der vorliegenden Kaufbedingungen ist die Lieferung der in ihrem Online-Shop angebotenen Produkte durch FORMIN S.A. gegen eine wirtschaftliche Gegenleistung. Durch den Zugriff auf unser Portal verpflichtet sich der Kunde, die Gesch\u00e4ftsbedingungen sowie die darin enthaltenen Nutzungsregeln einzuhalten. ANGABEN ZUR IDENTIFIKATION In Erf\u00fcllung der Informationspflicht gem\u00e4\u00df Artikel 10 des Gesetzes 34\/2002 vom 11. Juli<a class=\"more-link\" href=\"https:\/\/shop.forminsa.com\/de\/impressum\/\"><span class=\"screen-reader-text\">&#8222;Impressum&#8220;<\/span> weiterlesen<\/a><\/p>\n","protected":false},"author":1,"featured_media":0,"parent":0,"menu_order":0,"comment_status":"closed","ping_status":"closed","template":"","meta":{"footnotes":""},"class_list":["post-1718","page","type-page","status-publish","hentry","entry"],"yoast_head":"<!-- This site is optimized with the Yoast SEO plugin v26.8 - https:\/\/yoast.com\/product\/yoast-seo-wordpress\/ -->\n<title>Impressum | SHOP BRIDAS FORMINSA<\/title>\n<meta name=\"description\" content=\"Lesen Sie das Impressum von Forminsa: Bedingungen, Konditionen und Datenschutz f\u00fcr die Nutzung unserer Website f\u00fcr Kabelbinder und Zubeh\u00f6r.\" \/>\n<meta name=\"robots\" content=\"noindex, follow\" \/>\n<meta property=\"og:locale\" content=\"de_DE\" \/>\n<meta property=\"og:type\" content=\"article\" \/>\n<meta property=\"og:title\" content=\"Impressum | SHOP BRIDAS FORMINSA\" \/>\n<meta property=\"og:description\" content=\"Lesen Sie das Impressum von Forminsa: Bedingungen, Konditionen und Datenschutz f\u00fcr die Nutzung unserer Website f\u00fcr Kabelbinder und Zubeh\u00f6r.\" \/>\n<meta property=\"og:url\" content=\"https:\/\/shop.forminsa.com\/de\/impressum\/\" \/>\n<meta property=\"og:site_name\" content=\"SHOP BRIDAS FORMINSA\" \/>\n<meta property=\"article:modified_time\" content=\"2026-04-30T06:39:01+00:00\" \/>\n<meta property=\"og:image\" content=\"https:\/\/shop.forminsa.com\/wp-content\/uploads\/2026\/01\/Forminsa-logo-1.jpg\" \/>\n\t<meta property=\"og:image:width\" content=\"1280\" \/>\n\t<meta property=\"og:image:height\" content=\"720\" \/>\n\t<meta property=\"og:image:type\" content=\"image\/jpeg\" \/>\n<meta name=\"twitter:card\" content=\"summary_large_image\" \/>\n<meta name=\"twitter:label1\" content=\"Gesch\u00e4tzte Lesezeit\" \/>\n\t<meta name=\"twitter:data1\" content=\"5\u00a0Minuten\" \/>\n<script type=\"application\/ld+json\" class=\"yoast-schema-graph\">{\"@context\":\"https:\/\/schema.org\",\"@graph\":[{\"@type\":\"WebPage\",\"@id\":\"https:\/\/shop.forminsa.com\/de\/impressum\/\",\"url\":\"https:\/\/shop.forminsa.com\/de\/impressum\/\",\"name\":\"Impressum | SHOP BRIDAS FORMINSA\",\"isPartOf\":{\"@id\":\"https:\/\/shop.forminsa.com\/de\/#website\"},\"datePublished\":\"2021-04-21T06:42:48+00:00\",\"dateModified\":\"2026-04-30T06:39:01+00:00\",\"description\":\"Lesen Sie das Impressum von Forminsa: Bedingungen, Konditionen und Datenschutz f\u00fcr die Nutzung unserer Website f\u00fcr Kabelbinder und Zubeh\u00f6r.\",\"breadcrumb\":{\"@id\":\"https:\/\/shop.forminsa.com\/de\/impressum\/#breadcrumb\"},\"inLanguage\":\"de\",\"potentialAction\":[{\"@type\":\"ReadAction\",\"target\":[\"https:\/\/shop.forminsa.com\/de\/impressum\/\"]}]},{\"@type\":\"BreadcrumbList\",\"@id\":\"https:\/\/shop.forminsa.com\/de\/impressum\/#breadcrumb\",\"itemListElement\":[{\"@type\":\"ListItem\",\"position\":1,\"name\":\"Portada\",\"item\":\"https:\/\/shop.forminsa.com\/de\/\"},{\"@type\":\"ListItem\",\"position\":2,\"name\":\"Impressum\"}]},{\"@type\":\"WebSite\",\"@id\":\"https:\/\/shop.forminsa.com\/de\/#website\",\"url\":\"https:\/\/shop.forminsa.com\/de\/\",\"name\":\"SHOP BRIDAS FORMINSA\",\"description\":\"Formin the future\",\"publisher\":{\"@id\":\"https:\/\/shop.forminsa.com\/de\/#organization\"},\"alternateName\":\"BRIDAS FORMINSA\",\"potentialAction\":[{\"@type\":\"SearchAction\",\"target\":{\"@type\":\"EntryPoint\",\"urlTemplate\":\"https:\/\/shop.forminsa.com\/de\/?s={search_term_string}\"},\"query-input\":{\"@type\":\"PropertyValueSpecification\",\"valueRequired\":true,\"valueName\":\"search_term_string\"}}],\"inLanguage\":\"de\"},{\"@type\":\"Organization\",\"@id\":\"https:\/\/shop.forminsa.com\/de\/#organization\",\"name\":\"SHOP BRIDAS FORMINSA\",\"alternateName\":\"FORMINSA\",\"url\":\"https:\/\/shop.forminsa.com\/de\/\",\"logo\":{\"@type\":\"ImageObject\",\"inLanguage\":\"de\",\"@id\":\"https:\/\/shop.forminsa.com\/de\/#\/schema\/logo\/image\/\",\"url\":\"https:\/\/shop.forminsa.com\/wp-content\/uploads\/2025\/10\/F.svg\",\"contentUrl\":\"https:\/\/shop.forminsa.com\/wp-content\/uploads\/2025\/10\/F.svg\",\"width\":200,\"height\":390,\"caption\":\"SHOP BRIDAS FORMINSA\"},\"image\":{\"@id\":\"https:\/\/shop.forminsa.com\/de\/#\/schema\/logo\/image\/\"},\"sameAs\":[\"https:\/\/www.linkedin.com\/company\/forminsa\/\"]}]}<\/script>\n<!-- \/ Yoast SEO plugin. -->","yoast_head_json":{"title":"Impressum | SHOP BRIDAS FORMINSA","description":"Lesen Sie das Impressum von Forminsa: Bedingungen, Konditionen und Datenschutz f\u00fcr die Nutzung unserer Website f\u00fcr Kabelbinder und Zubeh\u00f6r.","robots":{"index":"noindex","follow":"follow"},"og_locale":"de_DE","og_type":"article","og_title":"Impressum | SHOP BRIDAS FORMINSA","og_description":"Lesen Sie das Impressum von Forminsa: Bedingungen, Konditionen und Datenschutz f\u00fcr die Nutzung unserer Website f\u00fcr Kabelbinder und Zubeh\u00f6r.","og_url":"https:\/\/shop.forminsa.com\/de\/impressum\/","og_site_name":"SHOP BRIDAS FORMINSA","article_modified_time":"2026-04-30T06:39:01+00:00","og_image":[{"width":1280,"height":720,"url":"https:\/\/shop.forminsa.com\/wp-content\/uploads\/2026\/01\/Forminsa-logo-1.jpg","type":"image\/jpeg"}],"twitter_card":"summary_large_image","twitter_misc":{"Gesch\u00e4tzte Lesezeit":"5\u00a0Minuten"},"schema":{"@context":"https:\/\/schema.org","@graph":[{"@type":"WebPage","@id":"https:\/\/shop.forminsa.com\/de\/impressum\/","url":"https:\/\/shop.forminsa.com\/de\/impressum\/","name":"Impressum | SHOP BRIDAS FORMINSA","isPartOf":{"@id":"https:\/\/shop.forminsa.com\/de\/#website"},"datePublished":"2021-04-21T06:42:48+00:00","dateModified":"2026-04-30T06:39:01+00:00","description":"Lesen Sie das Impressum von Forminsa: Bedingungen, Konditionen und Datenschutz f\u00fcr die Nutzung unserer Website f\u00fcr Kabelbinder und Zubeh\u00f6r.","breadcrumb":{"@id":"https:\/\/shop.forminsa.com\/de\/impressum\/#breadcrumb"},"inLanguage":"de","potentialAction":[{"@type":"ReadAction","target":["https:\/\/shop.forminsa.com\/de\/impressum\/"]}]},{"@type":"BreadcrumbList","@id":"https:\/\/shop.forminsa.com\/de\/impressum\/#breadcrumb","itemListElement":[{"@type":"ListItem","position":1,"name":"Portada","item":"https:\/\/shop.forminsa.com\/de\/"},{"@type":"ListItem","position":2,"name":"Impressum"}]},{"@type":"WebSite","@id":"https:\/\/shop.forminsa.com\/de\/#website","url":"https:\/\/shop.forminsa.com\/de\/","name":"SHOP BRIDAS FORMINSA","description":"Formin the future","publisher":{"@id":"https:\/\/shop.forminsa.com\/de\/#organization"},"alternateName":"BRIDAS FORMINSA","potentialAction":[{"@type":"SearchAction","target":{"@type":"EntryPoint","urlTemplate":"https:\/\/shop.forminsa.com\/de\/?s={search_term_string}"},"query-input":{"@type":"PropertyValueSpecification","valueRequired":true,"valueName":"search_term_string"}}],"inLanguage":"de"},{"@type":"Organization","@id":"https:\/\/shop.forminsa.com\/de\/#organization","name":"SHOP BRIDAS FORMINSA","alternateName":"FORMINSA","url":"https:\/\/shop.forminsa.com\/de\/","logo":{"@type":"ImageObject","inLanguage":"de","@id":"https:\/\/shop.forminsa.com\/de\/#\/schema\/logo\/image\/","url":"https:\/\/shop.forminsa.com\/wp-content\/uploads\/2025\/10\/F.svg","contentUrl":"https:\/\/shop.forminsa.com\/wp-content\/uploads\/2025\/10\/F.svg","width":200,"height":390,"caption":"SHOP BRIDAS FORMINSA"},"image":{"@id":"https:\/\/shop.forminsa.com\/de\/#\/schema\/logo\/image\/"},"sameAs":["https:\/\/www.linkedin.com\/company\/forminsa\/"]}]}},"_links":{"self":[{"href":"https:\/\/shop.forminsa.com\/de\/wp-json\/wp\/v2\/pages\/1718","targetHints":{"allow":["GET"]}}],"collection":[{"href":"https:\/\/shop.forminsa.com\/de\/wp-json\/wp\/v2\/pages"}],"about":[{"href":"https:\/\/shop.forminsa.com\/de\/wp-json\/wp\/v2\/types\/page"}],"author":[{"embeddable":true,"href":"https:\/\/shop.forminsa.com\/de\/wp-json\/wp\/v2\/users\/1"}],"replies":[{"embeddable":true,"href":"https:\/\/shop.forminsa.com\/de\/wp-json\/wp\/v2\/comments?post=1718"}],"version-history":[{"count":1,"href":"https:\/\/shop.forminsa.com\/de\/wp-json\/wp\/v2\/pages\/1718\/revisions"}],"predecessor-version":[{"id":1721,"href":"https:\/\/shop.forminsa.com\/de\/wp-json\/wp\/v2\/pages\/1718\/revisions\/1721"}],"wp:attachment":[{"href":"https:\/\/shop.forminsa.com\/de\/wp-json\/wp\/v2\/media?parent=1718"}],"curies":[{"name":"wp","href":"https:\/\/api.w.org\/{rel}","templated":true}]}}