{"id":645,"date":"2025-10-08T09:07:27","date_gmt":"2025-10-08T07:07:27","guid":{"rendered":"https:\/\/shop.forminsa.com\/warenkorb\/"},"modified":"2026-04-30T08:39:01","modified_gmt":"2026-04-30T06:39:01","slug":"warenkorb","status":"publish","type":"page","link":"https:\/\/shop.forminsa.com\/de\/warenkorb\/","title":{"rendered":"Warenkorb"},"content":{"rendered":"\t\t<div data-elementor-type=\"wp-page\" data-elementor-id=\"645\" class=\"elementor elementor-645 elementor-349\" data-elementor-post-type=\"page\">\n\t\t\t\t<div class=\"elementor-element elementor-element-4ad4661b e-flex e-con-boxed e-con e-parent\" data-id=\"4ad4661b\" data-element_type=\"container\">\n\t\t\t\t\t<div class=\"e-con-inner\">\n\t\t\t\t<div class=\"elementor-element elementor-element-350a124 elementor-widget elementor-widget-eael-woo-cart\" data-id=\"350a124\" data-element_type=\"widget\" data-settings=\"{&quot;eael_woo_cart_components_continue_shopping_icon&quot;:{&quot;value&quot;:&quot;fas fa-chevron-left&quot;,&quot;library&quot;:&quot;fa-solid&quot;}}\" data-widget_type=\"eael-woo-cart.default\">\n\t\t\t\t<div class=\"elementor-widget-container\">\n\t\t\t\t\t\t\t\t\t<div class=\"eael-woo-cart-wrapper eael-woo-cart-empty eael-woo-default eael-auto-update33\">\n\t\t\t\t<div class=\"woocommerce-notices-wrapper\"><\/div><div class=\"wc-empty-cart-message\">\n\t<div class=\"cart-empty woocommerce-info\" role=\"status\">\n\t\tEn este momento tu carrito est\u00e1 vac\u00edo.\t<\/div>\n<\/div>\t<p class=\"return-to-shop\">\n\t\t<a class=\"button wc-backward\" href=\"https:\/\/shop.forminsa.com\/de\/shop\/\">\n\t\t\tZur\u00fcck zum Shop\t\t<\/a>\n\t<\/p>\n                <\/div>\n\t\t\t\t        <script>document.body.classList.add(\"eael-woo-cart\");<\/script>\n\t\t\t\t\t\t<\/div>\n\t\t\t\t<\/div>\n\t\t\t\t\t<\/div>\n\t\t\t\t<\/div>\n\t\t\t\t<\/div>\n\t\t","protected":false},"excerpt":{"rendered":"<p>Produkt Preis Menge Gesamtbetrag APEX-PER-07-05-378 &#8211; 25 155,00&nbsp;&euro; Quantity &#8211; 1 + 155,00&nbsp;&euro; Cup\u00f3n: Gutschein anwenden Seguir comprando Warenkorb aktualisieren Totales del carrito Subtotal 155,00&nbsp;&euro; Env\u00edo Precio fijo: 50,00&nbsp;&euro; Enviar a Carretera Antiga Amer 10, 17001 Girona, Gerona. Cambiar direcci\u00f3n Pa\u00eds \/ Regi\u00f3n Selecciona un pa\u00eds\/regi\u00f3n&hellip;AlbaniaAlemaniaAndorraAustriaBielorrusiaBosnia y HerzegovinaBulgariaB\u00e9lgicaCiudad del VaticanoCroaciaDinamarcaEslovaquiaEsloveniaEspa\u00f1aEstoniaFinlandiaFranciaGeorgiaGreciaHungr\u00edaIrlandaIslandiaItaliaKosovoLetoniaLiechtensteinLituaniaLuxemburgoMaltaMoldaviaMontenegroM\u00f3nacoNoruegaPa\u00edses BajosPoloniaPortugalReino Unido (UK)Rep\u00fablica ChecaRumaniaRusiaSan MarinoSerbiaSueciaSuizaUcrania<a class=\"more-link\" href=\"https:\/\/shop.forminsa.com\/de\/warenkorb\/\"><span class=\"screen-reader-text\">&#8222;Warenkorb&#8220;<\/span> weiterlesen<\/a><\/p>\n","protected":false},"author":1,"featured_media":0,"parent":0,"menu_order":0,"comment_status":"closed","ping_status":"closed","template":"","meta":{"footnotes":""},"class_list":["post-645","page","type-page","status-publish","hentry","entry"],"yoast_head":"<!-- This site is optimized with the Yoast SEO plugin v26.8 - https:\/\/yoast.com\/product\/yoast-seo-wordpress\/ -->\n<title>Warenkorb | SHOP BRIDAS FORMINSA<\/title>\n<meta name=\"description\" content=\"\u00dcberpr\u00fcfen und verwalten Sie Ihren Warenkorb bei Forminsa: ausgew\u00e4hlte Produkte, Mengen und Gesamtsumme, bevor Sie Ihre Bestellung von Kabelbindern abschlie\u00dfen.\" \/>\n<meta name=\"robots\" content=\"noindex, follow\" \/>\n<meta property=\"og:locale\" content=\"de_DE\" \/>\n<meta property=\"og:type\" content=\"article\" \/>\n<meta property=\"og:title\" content=\"Warenkorb | SHOP BRIDAS FORMINSA\" \/>\n<meta property=\"og:description\" content=\"\u00dcberpr\u00fcfen und verwalten Sie Ihren Warenkorb bei Forminsa: ausgew\u00e4hlte Produkte, Mengen und Gesamtsumme, bevor Sie Ihre Bestellung von Kabelbindern abschlie\u00dfen.\" \/>\n<meta property=\"og:url\" content=\"https:\/\/shop.forminsa.com\/de\/warenkorb\/\" \/>\n<meta property=\"og:site_name\" content=\"SHOP BRIDAS FORMINSA\" \/>\n<meta property=\"article:modified_time\" content=\"2026-04-30T06:39:01+00:00\" \/>\n<meta property=\"og:image\" content=\"https:\/\/shop.forminsa.com\/wp-content\/uploads\/2025\/10\/Brida-APEX-Exemple-350x350.jpg\" \/>\n<meta name=\"twitter:card\" content=\"summary_large_image\" \/>\n<meta name=\"twitter:label1\" content=\"Gesch\u00e4tzte Lesezeit\" \/>\n\t<meta name=\"twitter:data1\" content=\"1\u00a0Minute\" \/>\n<script type=\"application\/ld+json\" class=\"yoast-schema-graph\">{\"@context\":\"https:\/\/schema.org\",\"@graph\":[{\"@type\":\"WebPage\",\"@id\":\"https:\/\/shop.forminsa.com\/de\/warenkorb\/\",\"url\":\"https:\/\/shop.forminsa.com\/de\/warenkorb\/\",\"name\":\"Warenkorb | SHOP BRIDAS FORMINSA\",\"isPartOf\":{\"@id\":\"https:\/\/shop.forminsa.com\/de\/#website\"},\"primaryImageOfPage\":{\"@id\":\"https:\/\/shop.forminsa.com\/de\/warenkorb\/#primaryimage\"},\"image\":{\"@id\":\"https:\/\/shop.forminsa.com\/de\/warenkorb\/#primaryimage\"},\"thumbnailUrl\":\"https:\/\/shop.forminsa.com\/wp-content\/uploads\/2025\/10\/Brida-APEX-Exemple-350x350.jpg\",\"datePublished\":\"2025-10-08T07:07:27+00:00\",\"dateModified\":\"2026-04-30T06:39:01+00:00\",\"description\":\"\u00dcberpr\u00fcfen und verwalten Sie Ihren Warenkorb bei Forminsa: ausgew\u00e4hlte Produkte, Mengen und Gesamtsumme, bevor Sie Ihre Bestellung von Kabelbindern abschlie\u00dfen.\",\"breadcrumb\":{\"@id\":\"https:\/\/shop.forminsa.com\/de\/warenkorb\/#breadcrumb\"},\"inLanguage\":\"de\",\"potentialAction\":[{\"@type\":\"ReadAction\",\"target\":[\"https:\/\/shop.forminsa.com\/de\/warenkorb\/\"]}]},{\"@type\":\"ImageObject\",\"inLanguage\":\"de\",\"@id\":\"https:\/\/shop.forminsa.com\/de\/warenkorb\/#primaryimage\",\"url\":\"https:\/\/shop.forminsa.com\/wp-content\/uploads\/2025\/10\/Brida-APEX-Exemple-350x350.jpg\",\"contentUrl\":\"https:\/\/shop.forminsa.com\/wp-content\/uploads\/2025\/10\/Brida-APEX-Exemple-350x350.jpg\"},{\"@type\":\"BreadcrumbList\",\"@id\":\"https:\/\/shop.forminsa.com\/de\/warenkorb\/#breadcrumb\",\"itemListElement\":[{\"@type\":\"ListItem\",\"position\":1,\"name\":\"Portada\",\"item\":\"https:\/\/shop.forminsa.com\/de\/\"},{\"@type\":\"ListItem\",\"position\":2,\"name\":\"Warenkorb\"}]},{\"@type\":\"WebSite\",\"@id\":\"https:\/\/shop.forminsa.com\/de\/#website\",\"url\":\"https:\/\/shop.forminsa.com\/de\/\",\"name\":\"SHOP BRIDAS FORMINSA\",\"description\":\"Formin the future\",\"publisher\":{\"@id\":\"https:\/\/shop.forminsa.com\/de\/#organization\"},\"alternateName\":\"BRIDAS FORMINSA\",\"potentialAction\":[{\"@type\":\"SearchAction\",\"target\":{\"@type\":\"EntryPoint\",\"urlTemplate\":\"https:\/\/shop.forminsa.com\/de\/?s={search_term_string}\"},\"query-input\":{\"@type\":\"PropertyValueSpecification\",\"valueRequired\":true,\"valueName\":\"search_term_string\"}}],\"inLanguage\":\"de\"},{\"@type\":\"Organization\",\"@id\":\"https:\/\/shop.forminsa.com\/de\/#organization\",\"name\":\"SHOP BRIDAS FORMINSA\",\"alternateName\":\"FORMINSA\",\"url\":\"https:\/\/shop.forminsa.com\/de\/\",\"logo\":{\"@type\":\"ImageObject\",\"inLanguage\":\"de\",\"@id\":\"https:\/\/shop.forminsa.com\/de\/#\/schema\/logo\/image\/\",\"url\":\"https:\/\/shop.forminsa.com\/wp-content\/uploads\/2025\/10\/F.svg\",\"contentUrl\":\"https:\/\/shop.forminsa.com\/wp-content\/uploads\/2025\/10\/F.svg\",\"width\":200,\"height\":390,\"caption\":\"SHOP BRIDAS FORMINSA\"},\"image\":{\"@id\":\"https:\/\/shop.forminsa.com\/de\/#\/schema\/logo\/image\/\"},\"sameAs\":[\"https:\/\/www.linkedin.com\/company\/forminsa\/\"]}]}<\/script>\n<!-- \/ Yoast SEO plugin. -->","yoast_head_json":{"title":"Warenkorb | SHOP BRIDAS FORMINSA","description":"\u00dcberpr\u00fcfen und verwalten Sie Ihren Warenkorb bei Forminsa: ausgew\u00e4hlte Produkte, Mengen und Gesamtsumme, bevor Sie Ihre Bestellung von Kabelbindern abschlie\u00dfen.","robots":{"index":"noindex","follow":"follow"},"og_locale":"de_DE","og_type":"article","og_title":"Warenkorb | SHOP BRIDAS FORMINSA","og_description":"\u00dcberpr\u00fcfen und verwalten Sie Ihren Warenkorb bei Forminsa: ausgew\u00e4hlte Produkte, Mengen und Gesamtsumme, bevor Sie Ihre Bestellung von Kabelbindern abschlie\u00dfen.","og_url":"https:\/\/shop.forminsa.com\/de\/warenkorb\/","og_site_name":"SHOP BRIDAS FORMINSA","article_modified_time":"2026-04-30T06:39:01+00:00","og_image":[{"url":"https:\/\/shop.forminsa.com\/wp-content\/uploads\/2025\/10\/Brida-APEX-Exemple-350x350.jpg","type":"","width":"","height":""}],"twitter_card":"summary_large_image","twitter_misc":{"Gesch\u00e4tzte Lesezeit":"1\u00a0Minute"},"schema":{"@context":"https:\/\/schema.org","@graph":[{"@type":"WebPage","@id":"https:\/\/shop.forminsa.com\/de\/warenkorb\/","url":"https:\/\/shop.forminsa.com\/de\/warenkorb\/","name":"Warenkorb | SHOP BRIDAS FORMINSA","isPartOf":{"@id":"https:\/\/shop.forminsa.com\/de\/#website"},"primaryImageOfPage":{"@id":"https:\/\/shop.forminsa.com\/de\/warenkorb\/#primaryimage"},"image":{"@id":"https:\/\/shop.forminsa.com\/de\/warenkorb\/#primaryimage"},"thumbnailUrl":"https:\/\/shop.forminsa.com\/wp-content\/uploads\/2025\/10\/Brida-APEX-Exemple-350x350.jpg","datePublished":"2025-10-08T07:07:27+00:00","dateModified":"2026-04-30T06:39:01+00:00","description":"\u00dcberpr\u00fcfen und verwalten Sie Ihren Warenkorb bei Forminsa: ausgew\u00e4hlte Produkte, Mengen und Gesamtsumme, bevor Sie Ihre Bestellung von Kabelbindern abschlie\u00dfen.","breadcrumb":{"@id":"https:\/\/shop.forminsa.com\/de\/warenkorb\/#breadcrumb"},"inLanguage":"de","potentialAction":[{"@type":"ReadAction","target":["https:\/\/shop.forminsa.com\/de\/warenkorb\/"]}]},{"@type":"ImageObject","inLanguage":"de","@id":"https:\/\/shop.forminsa.com\/de\/warenkorb\/#primaryimage","url":"https:\/\/shop.forminsa.com\/wp-content\/uploads\/2025\/10\/Brida-APEX-Exemple-350x350.jpg","contentUrl":"https:\/\/shop.forminsa.com\/wp-content\/uploads\/2025\/10\/Brida-APEX-Exemple-350x350.jpg"},{"@type":"BreadcrumbList","@id":"https:\/\/shop.forminsa.com\/de\/warenkorb\/#breadcrumb","itemListElement":[{"@type":"ListItem","position":1,"name":"Portada","item":"https:\/\/shop.forminsa.com\/de\/"},{"@type":"ListItem","position":2,"name":"Warenkorb"}]},{"@type":"WebSite","@id":"https:\/\/shop.forminsa.com\/de\/#website","url":"https:\/\/shop.forminsa.com\/de\/","name":"SHOP BRIDAS FORMINSA","description":"Formin the future","publisher":{"@id":"https:\/\/shop.forminsa.com\/de\/#organization"},"alternateName":"BRIDAS FORMINSA","potentialAction":[{"@type":"SearchAction","target":{"@type":"EntryPoint","urlTemplate":"https:\/\/shop.forminsa.com\/de\/?s={search_term_string}"},"query-input":{"@type":"PropertyValueSpecification","valueRequired":true,"valueName":"search_term_string"}}],"inLanguage":"de"},{"@type":"Organization","@id":"https:\/\/shop.forminsa.com\/de\/#organization","name":"SHOP BRIDAS FORMINSA","alternateName":"FORMINSA","url":"https:\/\/shop.forminsa.com\/de\/","logo":{"@type":"ImageObject","inLanguage":"de","@id":"https:\/\/shop.forminsa.com\/de\/#\/schema\/logo\/image\/","url":"https:\/\/shop.forminsa.com\/wp-content\/uploads\/2025\/10\/F.svg","contentUrl":"https:\/\/shop.forminsa.com\/wp-content\/uploads\/2025\/10\/F.svg","width":200,"height":390,"caption":"SHOP BRIDAS FORMINSA"},"image":{"@id":"https:\/\/shop.forminsa.com\/de\/#\/schema\/logo\/image\/"},"sameAs":["https:\/\/www.linkedin.com\/company\/forminsa\/"]}]}},"_links":{"self":[{"href":"https:\/\/shop.forminsa.com\/de\/wp-json\/wp\/v2\/pages\/645","targetHints":{"allow":["GET"]}}],"collection":[{"href":"https:\/\/shop.forminsa.com\/de\/wp-json\/wp\/v2\/pages"}],"about":[{"href":"https:\/\/shop.forminsa.com\/de\/wp-json\/wp\/v2\/types\/page"}],"author":[{"embeddable":true,"href":"https:\/\/shop.forminsa.com\/de\/wp-json\/wp\/v2\/users\/1"}],"replies":[{"embeddable":true,"href":"https:\/\/shop.forminsa.com\/de\/wp-json\/wp\/v2\/comments?post=645"}],"version-history":[{"count":7,"href":"https:\/\/shop.forminsa.com\/de\/wp-json\/wp\/v2\/pages\/645\/revisions"}],"predecessor-version":[{"id":1745,"href":"https:\/\/shop.forminsa.com\/de\/wp-json\/wp\/v2\/pages\/645\/revisions\/1745"}],"wp:attachment":[{"href":"https:\/\/shop.forminsa.com\/de\/wp-json\/wp\/v2\/media?parent=645"}],"curies":[{"name":"wp","href":"https:\/\/api.w.org\/{rel}","templated":true}]}}