{"id":647,"date":"2025-10-08T09:07:27","date_gmt":"2025-10-08T07:07:27","guid":{"rendered":"https:\/\/shop.forminsa.com\/mein-konto\/"},"modified":"2026-04-30T08:38:57","modified_gmt":"2026-04-30T06:38:57","slug":"mein-konto","status":"publish","type":"page","link":"https:\/\/shop.forminsa.com\/de\/mein-konto\/","title":{"rendered":"Mein Konto"},"content":{"rendered":"<div class=\"woocommerce\"><\/div>\n","protected":false},"excerpt":{"rendered":"","protected":false},"author":1,"featured_media":0,"parent":0,"menu_order":0,"comment_status":"closed","ping_status":"closed","template":"","meta":{"footnotes":""},"class_list":["post-647","page","type-page","status-publish","hentry","entry"],"yoast_head":"<!-- This site is optimized with the Yoast SEO plugin v26.8 - https:\/\/yoast.com\/product\/yoast-seo-wordpress\/ -->\n<title>Mein Konto | SHOP BRIDAS FORMINSA<\/title>\n<meta name=\"description\" content=\"Melden Sie sich bei Ihrem Forminsa-Konto an: Sehen Sie Bestellungen, Daten und pers\u00f6nliche Einstellungen f\u00fcr Ihre K\u00e4ufe von Kabelbindern und Zubeh\u00f6r ein.\" \/>\n<meta name=\"robots\" content=\"noindex, follow\" \/>\n<meta property=\"og:locale\" content=\"de_DE\" \/>\n<meta property=\"og:type\" content=\"article\" \/>\n<meta property=\"og:title\" content=\"Mein Konto | SHOP BRIDAS FORMINSA\" \/>\n<meta property=\"og:description\" content=\"Melden Sie sich bei Ihrem Forminsa-Konto an: Sehen Sie Bestellungen, Daten und pers\u00f6nliche Einstellungen f\u00fcr Ihre K\u00e4ufe von Kabelbindern und Zubeh\u00f6r ein.\" \/>\n<meta property=\"og:url\" content=\"https:\/\/shop.forminsa.com\/de\/mein-konto\/\" \/>\n<meta property=\"og:site_name\" content=\"SHOP BRIDAS FORMINSA\" \/>\n<meta property=\"article:modified_time\" content=\"2026-04-30T06:38:57+00:00\" \/>\n<meta property=\"og:image\" content=\"https:\/\/shop.forminsa.com\/wp-content\/uploads\/2026\/01\/Forminsa-logo-1.jpg\" \/>\n\t<meta property=\"og:image:width\" content=\"1280\" \/>\n\t<meta property=\"og:image:height\" content=\"720\" \/>\n\t<meta property=\"og:image:type\" content=\"image\/jpeg\" \/>\n<meta name=\"twitter:card\" content=\"summary_large_image\" \/>\n<script type=\"application\/ld+json\" class=\"yoast-schema-graph\">{\"@context\":\"https:\/\/schema.org\",\"@graph\":[{\"@type\":\"WebPage\",\"@id\":\"https:\/\/shop.forminsa.com\/de\/mein-konto\/\",\"url\":\"https:\/\/shop.forminsa.com\/de\/mein-konto\/\",\"name\":\"Mein Konto | SHOP BRIDAS FORMINSA\",\"isPartOf\":{\"@id\":\"https:\/\/shop.forminsa.com\/de\/#website\"},\"datePublished\":\"2025-10-08T07:07:27+00:00\",\"dateModified\":\"2026-04-30T06:38:57+00:00\",\"description\":\"Melden Sie sich bei Ihrem Forminsa-Konto an: Sehen Sie Bestellungen, Daten und pers\u00f6nliche Einstellungen f\u00fcr Ihre K\u00e4ufe von Kabelbindern und Zubeh\u00f6r ein.\",\"breadcrumb\":{\"@id\":\"https:\/\/shop.forminsa.com\/de\/mein-konto\/#breadcrumb\"},\"inLanguage\":\"de\",\"potentialAction\":[{\"@type\":\"ReadAction\",\"target\":[\"https:\/\/shop.forminsa.com\/de\/mein-konto\/\"]}]},{\"@type\":\"BreadcrumbList\",\"@id\":\"https:\/\/shop.forminsa.com\/de\/mein-konto\/#breadcrumb\",\"itemListElement\":[{\"@type\":\"ListItem\",\"position\":1,\"name\":\"Portada\",\"item\":\"https:\/\/shop.forminsa.com\/de\/\"},{\"@type\":\"ListItem\",\"position\":2,\"name\":\"Mein Konto\"}]},{\"@type\":\"WebSite\",\"@id\":\"https:\/\/shop.forminsa.com\/de\/#website\",\"url\":\"https:\/\/shop.forminsa.com\/de\/\",\"name\":\"SHOP BRIDAS FORMINSA\",\"description\":\"Formin the future\",\"publisher\":{\"@id\":\"https:\/\/shop.forminsa.com\/de\/#organization\"},\"alternateName\":\"BRIDAS FORMINSA\",\"potentialAction\":[{\"@type\":\"SearchAction\",\"target\":{\"@type\":\"EntryPoint\",\"urlTemplate\":\"https:\/\/shop.forminsa.com\/de\/?s={search_term_string}\"},\"query-input\":{\"@type\":\"PropertyValueSpecification\",\"valueRequired\":true,\"valueName\":\"search_term_string\"}}],\"inLanguage\":\"de\"},{\"@type\":\"Organization\",\"@id\":\"https:\/\/shop.forminsa.com\/de\/#organization\",\"name\":\"SHOP BRIDAS FORMINSA\",\"alternateName\":\"FORMINSA\",\"url\":\"https:\/\/shop.forminsa.com\/de\/\",\"logo\":{\"@type\":\"ImageObject\",\"inLanguage\":\"de\",\"@id\":\"https:\/\/shop.forminsa.com\/de\/#\/schema\/logo\/image\/\",\"url\":\"https:\/\/shop.forminsa.com\/wp-content\/uploads\/2025\/10\/F.svg\",\"contentUrl\":\"https:\/\/shop.forminsa.com\/wp-content\/uploads\/2025\/10\/F.svg\",\"width\":200,\"height\":390,\"caption\":\"SHOP BRIDAS FORMINSA\"},\"image\":{\"@id\":\"https:\/\/shop.forminsa.com\/de\/#\/schema\/logo\/image\/\"},\"sameAs\":[\"https:\/\/www.linkedin.com\/company\/forminsa\/\"]}]}<\/script>\n<!-- \/ Yoast SEO plugin. -->","yoast_head_json":{"title":"Mein Konto | SHOP BRIDAS FORMINSA","description":"Melden Sie sich bei Ihrem Forminsa-Konto an: Sehen Sie Bestellungen, Daten und pers\u00f6nliche Einstellungen f\u00fcr Ihre K\u00e4ufe von Kabelbindern und Zubeh\u00f6r ein.","robots":{"index":"noindex","follow":"follow"},"og_locale":"de_DE","og_type":"article","og_title":"Mein Konto | SHOP BRIDAS FORMINSA","og_description":"Melden Sie sich bei Ihrem Forminsa-Konto an: Sehen Sie Bestellungen, Daten und pers\u00f6nliche Einstellungen f\u00fcr Ihre K\u00e4ufe von Kabelbindern und Zubeh\u00f6r ein.","og_url":"https:\/\/shop.forminsa.com\/de\/mein-konto\/","og_site_name":"SHOP BRIDAS FORMINSA","article_modified_time":"2026-04-30T06:38:57+00:00","og_image":[{"width":1280,"height":720,"url":"https:\/\/shop.forminsa.com\/wp-content\/uploads\/2026\/01\/Forminsa-logo-1.jpg","type":"image\/jpeg"}],"twitter_card":"summary_large_image","schema":{"@context":"https:\/\/schema.org","@graph":[{"@type":"WebPage","@id":"https:\/\/shop.forminsa.com\/de\/mein-konto\/","url":"https:\/\/shop.forminsa.com\/de\/mein-konto\/","name":"Mein Konto | SHOP BRIDAS FORMINSA","isPartOf":{"@id":"https:\/\/shop.forminsa.com\/de\/#website"},"datePublished":"2025-10-08T07:07:27+00:00","dateModified":"2026-04-30T06:38:57+00:00","description":"Melden Sie sich bei Ihrem Forminsa-Konto an: Sehen Sie Bestellungen, Daten und pers\u00f6nliche Einstellungen f\u00fcr Ihre K\u00e4ufe von Kabelbindern und Zubeh\u00f6r ein.","breadcrumb":{"@id":"https:\/\/shop.forminsa.com\/de\/mein-konto\/#breadcrumb"},"inLanguage":"de","potentialAction":[{"@type":"ReadAction","target":["https:\/\/shop.forminsa.com\/de\/mein-konto\/"]}]},{"@type":"BreadcrumbList","@id":"https:\/\/shop.forminsa.com\/de\/mein-konto\/#breadcrumb","itemListElement":[{"@type":"ListItem","position":1,"name":"Portada","item":"https:\/\/shop.forminsa.com\/de\/"},{"@type":"ListItem","position":2,"name":"Mein Konto"}]},{"@type":"WebSite","@id":"https:\/\/shop.forminsa.com\/de\/#website","url":"https:\/\/shop.forminsa.com\/de\/","name":"SHOP BRIDAS FORMINSA","description":"Formin the future","publisher":{"@id":"https:\/\/shop.forminsa.com\/de\/#organization"},"alternateName":"BRIDAS FORMINSA","potentialAction":[{"@type":"SearchAction","target":{"@type":"EntryPoint","urlTemplate":"https:\/\/shop.forminsa.com\/de\/?s={search_term_string}"},"query-input":{"@type":"PropertyValueSpecification","valueRequired":true,"valueName":"search_term_string"}}],"inLanguage":"de"},{"@type":"Organization","@id":"https:\/\/shop.forminsa.com\/de\/#organization","name":"SHOP BRIDAS FORMINSA","alternateName":"FORMINSA","url":"https:\/\/shop.forminsa.com\/de\/","logo":{"@type":"ImageObject","inLanguage":"de","@id":"https:\/\/shop.forminsa.com\/de\/#\/schema\/logo\/image\/","url":"https:\/\/shop.forminsa.com\/wp-content\/uploads\/2025\/10\/F.svg","contentUrl":"https:\/\/shop.forminsa.com\/wp-content\/uploads\/2025\/10\/F.svg","width":200,"height":390,"caption":"SHOP BRIDAS FORMINSA"},"image":{"@id":"https:\/\/shop.forminsa.com\/de\/#\/schema\/logo\/image\/"},"sameAs":["https:\/\/www.linkedin.com\/company\/forminsa\/"]}]}},"_links":{"self":[{"href":"https:\/\/shop.forminsa.com\/de\/wp-json\/wp\/v2\/pages\/647","targetHints":{"allow":["GET"]}}],"collection":[{"href":"https:\/\/shop.forminsa.com\/de\/wp-json\/wp\/v2\/pages"}],"about":[{"href":"https:\/\/shop.forminsa.com\/de\/wp-json\/wp\/v2\/types\/page"}],"author":[{"embeddable":true,"href":"https:\/\/shop.forminsa.com\/de\/wp-json\/wp\/v2\/users\/1"}],"replies":[{"embeddable":true,"href":"https:\/\/shop.forminsa.com\/de\/wp-json\/wp\/v2\/comments?post=647"}],"version-history":[{"count":2,"href":"https:\/\/shop.forminsa.com\/de\/wp-json\/wp\/v2\/pages\/647\/revisions"}],"predecessor-version":[{"id":1712,"href":"https:\/\/shop.forminsa.com\/de\/wp-json\/wp\/v2\/pages\/647\/revisions\/1712"}],"wp:attachment":[{"href":"https:\/\/shop.forminsa.com\/de\/wp-json\/wp\/v2\/media?parent=647"}],"curies":[{"name":"wp","href":"https:\/\/api.w.org\/{rel}","templated":true}]}}