{"id":1819,"date":"2025-10-13T10:27:26","date_gmt":"2025-10-13T08:27:26","guid":{"rendered":"https:\/\/shop.forminsa.com\/producto\/apex-07-05-378\/"},"modified":"2025-10-13T10:27:26","modified_gmt":"2025-10-13T08:27:26","slug":"apex-07-05-378","status":"publish","type":"product","link":"https:\/\/shop.forminsa.com\/de\/produkt\/apex-07-05-378\/","title":{"rendered":"APEX-07-05-378"},"content":{"rendered":"<ul>\n<li class=\"p1\"><b>Material:<\/b> Verzinkt (oder Edelstahl  430-304-316).<\/li>\n<li class=\"p1\"><b>Breite\/Dicke:<\/b> 7 mm \/ 0.5 mm.<\/li>\n<li class=\"p1\"><b>Widerstandskraft:<\/b> 250 N.<\/li>\n<li class=\"p1\"><b>Null Abfall, patentiert<\/b><\/li>\n<\/ul>\n","protected":false},"excerpt":{"rendered":"<p>Wiederverwendbare Metallkabelbinderschelle Modell APEX.<br \/>\nErfordert den Schl\u00fcssel EX-07 zur Entriegelung.<br \/>\nIdeal f\u00fcr Befestigungen, bei denen Manipulationskontrolle \/ Sicherheit erforderlich ist.<br \/>\n<strong>LDie APEX-Kabelbinder-Box enth\u00e4lt einen Schl\u00fcssel EX-07.<\/strong><\/p>\n","protected":false},"featured_media":1795,"template":"","meta":[],"product_brand":[],"product_cat":[120],"product_tag":[],"class_list":{"0":"post-1819","1":"product","2":"type-product","3":"status-publish","4":"has-post-thumbnail","6":"product_cat-apex","7":"entry","9":"first","10":"instock","11":"taxable","12":"shipping-taxable","13":"purchasable","14":"product-type-variable"},"yoast_head":"<!-- This site is optimized with the Yoast SEO plugin v26.8 - https:\/\/yoast.com\/product\/yoast-seo-wordpress\/ -->\n<title>APEX-07-05-378 | SHOP BRIDAS FORMINSA<\/title>\n<meta name=\"description\" content=\"APEX 07-05-378: Pr\u00e4zision und hohe Leistung f\u00fcr anspruchsvolle industrielle Anwendungen. Zuverl\u00e4ssigkeit und professionelle Forminsa-Qualit\u00e4t.\" \/>\n<meta name=\"robots\" content=\"index, follow, max-snippet:-1, max-image-preview:large, max-video-preview:-1\" \/>\n<link rel=\"canonical\" href=\"https:\/\/shop.forminsa.com\/de\/produkt\/apex-07-05-378\/\" \/>\n<meta property=\"og:locale\" content=\"de_DE\" \/>\n<meta property=\"og:type\" content=\"article\" \/>\n<meta property=\"og:title\" content=\"APEX-07-05-378 | SHOP BRIDAS FORMINSA\" \/>\n<meta property=\"og:description\" content=\"APEX 07-05-378: Pr\u00e4zision und hohe Leistung f\u00fcr anspruchsvolle industrielle Anwendungen. Zuverl\u00e4ssigkeit und professionelle Forminsa-Qualit\u00e4t.\" \/>\n<meta property=\"og:url\" content=\"https:\/\/shop.forminsa.com\/de\/produkt\/apex-07-05-378\/\" \/>\n<meta property=\"og:site_name\" content=\"SHOP BRIDAS FORMINSA\" \/>\n<meta property=\"og:image\" content=\"https:\/\/shop.forminsa.com\/wp-content\/uploads\/2025\/10\/Brida-APEX-Exemple.jpg\" \/>\n\t<meta property=\"og:image:width\" content=\"600\" \/>\n\t<meta property=\"og:image:height\" content=\"600\" \/>\n\t<meta property=\"og:image:type\" content=\"image\/jpeg\" \/>\n<meta name=\"twitter:card\" content=\"summary_large_image\" \/>\n<script type=\"application\/ld+json\" class=\"yoast-schema-graph\">{\"@context\":\"https:\/\/schema.org\",\"@graph\":[{\"@type\":\"WebPage\",\"@id\":\"https:\/\/shop.forminsa.com\/de\/produkt\/apex-07-05-378\/\",\"url\":\"https:\/\/shop.forminsa.com\/de\/produkt\/apex-07-05-378\/\",\"name\":\"APEX-07-05-378 | SHOP BRIDAS FORMINSA\",\"isPartOf\":{\"@id\":\"https:\/\/shop.forminsa.com\/de\/#website\"},\"primaryImageOfPage\":{\"@id\":\"https:\/\/shop.forminsa.com\/de\/produkt\/apex-07-05-378\/#primaryimage\"},\"image\":{\"@id\":\"https:\/\/shop.forminsa.com\/de\/produkt\/apex-07-05-378\/#primaryimage\"},\"thumbnailUrl\":\"https:\/\/shop.forminsa.com\/wp-content\/uploads\/2025\/10\/Brida-APEX-Exemple.jpg\",\"datePublished\":\"2025-10-13T08:27:26+00:00\",\"description\":\"APEX 07-05-378: Pr\u00e4zision und hohe Leistung f\u00fcr anspruchsvolle industrielle Anwendungen. Zuverl\u00e4ssigkeit und professionelle Forminsa-Qualit\u00e4t.\",\"breadcrumb\":{\"@id\":\"https:\/\/shop.forminsa.com\/de\/produkt\/apex-07-05-378\/#breadcrumb\"},\"inLanguage\":\"de\",\"potentialAction\":[{\"@type\":\"ReadAction\",\"target\":[\"https:\/\/shop.forminsa.com\/de\/produkt\/apex-07-05-378\/\"]}]},{\"@type\":\"ImageObject\",\"inLanguage\":\"de\",\"@id\":\"https:\/\/shop.forminsa.com\/de\/produkt\/apex-07-05-378\/#primaryimage\",\"url\":\"https:\/\/shop.forminsa.com\/wp-content\/uploads\/2025\/10\/Brida-APEX-Exemple.jpg\",\"contentUrl\":\"https:\/\/shop.forminsa.com\/wp-content\/uploads\/2025\/10\/Brida-APEX-Exemple.jpg\",\"width\":600,\"height\":600,\"caption\":\"kabelbinder APEX\"},{\"@type\":\"BreadcrumbList\",\"@id\":\"https:\/\/shop.forminsa.com\/de\/produkt\/apex-07-05-378\/#breadcrumb\",\"itemListElement\":[{\"@type\":\"ListItem\",\"position\":1,\"name\":\"Portada\",\"item\":\"https:\/\/shop.forminsa.com\/de\/\"},{\"@type\":\"ListItem\",\"position\":2,\"name\":\"Produkte\",\"item\":\"https:\/\/shop.forminsa.com\/productos\/\"},{\"@type\":\"ListItem\",\"position\":3,\"name\":\"APEX-07-05-378\"}]},{\"@type\":\"WebSite\",\"@id\":\"https:\/\/shop.forminsa.com\/de\/#website\",\"url\":\"https:\/\/shop.forminsa.com\/de\/\",\"name\":\"SHOP BRIDAS FORMINSA\",\"description\":\"Formin the future\",\"publisher\":{\"@id\":\"https:\/\/shop.forminsa.com\/de\/#organization\"},\"alternateName\":\"BRIDAS FORMINSA\",\"potentialAction\":[{\"@type\":\"SearchAction\",\"target\":{\"@type\":\"EntryPoint\",\"urlTemplate\":\"https:\/\/shop.forminsa.com\/de\/?s={search_term_string}\"},\"query-input\":{\"@type\":\"PropertyValueSpecification\",\"valueRequired\":true,\"valueName\":\"search_term_string\"}}],\"inLanguage\":\"de\"},{\"@type\":\"Organization\",\"@id\":\"https:\/\/shop.forminsa.com\/de\/#organization\",\"name\":\"SHOP BRIDAS FORMINSA\",\"alternateName\":\"FORMINSA\",\"url\":\"https:\/\/shop.forminsa.com\/de\/\",\"logo\":{\"@type\":\"ImageObject\",\"inLanguage\":\"de\",\"@id\":\"https:\/\/shop.forminsa.com\/de\/#\/schema\/logo\/image\/\",\"url\":\"https:\/\/shop.forminsa.com\/wp-content\/uploads\/2025\/10\/F.svg\",\"contentUrl\":\"https:\/\/shop.forminsa.com\/wp-content\/uploads\/2025\/10\/F.svg\",\"width\":200,\"height\":390,\"caption\":\"SHOP BRIDAS FORMINSA\"},\"image\":{\"@id\":\"https:\/\/shop.forminsa.com\/de\/#\/schema\/logo\/image\/\"},\"sameAs\":[\"https:\/\/www.linkedin.com\/company\/forminsa\/\"]}]}<\/script>\n<!-- \/ Yoast SEO plugin. -->","yoast_head_json":{"title":"APEX-07-05-378 | SHOP BRIDAS FORMINSA","description":"APEX 07-05-378: Pr\u00e4zision und hohe Leistung f\u00fcr anspruchsvolle industrielle Anwendungen. Zuverl\u00e4ssigkeit und professionelle Forminsa-Qualit\u00e4t.","robots":{"index":"index","follow":"follow","max-snippet":"max-snippet:-1","max-image-preview":"max-image-preview:large","max-video-preview":"max-video-preview:-1"},"canonical":"https:\/\/shop.forminsa.com\/de\/produkt\/apex-07-05-378\/","og_locale":"de_DE","og_type":"article","og_title":"APEX-07-05-378 | SHOP BRIDAS FORMINSA","og_description":"APEX 07-05-378: Pr\u00e4zision und hohe Leistung f\u00fcr anspruchsvolle industrielle Anwendungen. Zuverl\u00e4ssigkeit und professionelle Forminsa-Qualit\u00e4t.","og_url":"https:\/\/shop.forminsa.com\/de\/produkt\/apex-07-05-378\/","og_site_name":"SHOP BRIDAS FORMINSA","og_image":[{"width":600,"height":600,"url":"https:\/\/shop.forminsa.com\/wp-content\/uploads\/2025\/10\/Brida-APEX-Exemple.jpg","type":"image\/jpeg"}],"twitter_card":"summary_large_image","schema":{"@context":"https:\/\/schema.org","@graph":[{"@type":"WebPage","@id":"https:\/\/shop.forminsa.com\/de\/produkt\/apex-07-05-378\/","url":"https:\/\/shop.forminsa.com\/de\/produkt\/apex-07-05-378\/","name":"APEX-07-05-378 | SHOP BRIDAS FORMINSA","isPartOf":{"@id":"https:\/\/shop.forminsa.com\/de\/#website"},"primaryImageOfPage":{"@id":"https:\/\/shop.forminsa.com\/de\/produkt\/apex-07-05-378\/#primaryimage"},"image":{"@id":"https:\/\/shop.forminsa.com\/de\/produkt\/apex-07-05-378\/#primaryimage"},"thumbnailUrl":"https:\/\/shop.forminsa.com\/wp-content\/uploads\/2025\/10\/Brida-APEX-Exemple.jpg","datePublished":"2025-10-13T08:27:26+00:00","description":"APEX 07-05-378: Pr\u00e4zision und hohe Leistung f\u00fcr anspruchsvolle industrielle Anwendungen. Zuverl\u00e4ssigkeit und professionelle Forminsa-Qualit\u00e4t.","breadcrumb":{"@id":"https:\/\/shop.forminsa.com\/de\/produkt\/apex-07-05-378\/#breadcrumb"},"inLanguage":"de","potentialAction":[{"@type":"ReadAction","target":["https:\/\/shop.forminsa.com\/de\/produkt\/apex-07-05-378\/"]}]},{"@type":"ImageObject","inLanguage":"de","@id":"https:\/\/shop.forminsa.com\/de\/produkt\/apex-07-05-378\/#primaryimage","url":"https:\/\/shop.forminsa.com\/wp-content\/uploads\/2025\/10\/Brida-APEX-Exemple.jpg","contentUrl":"https:\/\/shop.forminsa.com\/wp-content\/uploads\/2025\/10\/Brida-APEX-Exemple.jpg","width":600,"height":600,"caption":"kabelbinder APEX"},{"@type":"BreadcrumbList","@id":"https:\/\/shop.forminsa.com\/de\/produkt\/apex-07-05-378\/#breadcrumb","itemListElement":[{"@type":"ListItem","position":1,"name":"Portada","item":"https:\/\/shop.forminsa.com\/de\/"},{"@type":"ListItem","position":2,"name":"Produkte","item":"https:\/\/shop.forminsa.com\/productos\/"},{"@type":"ListItem","position":3,"name":"APEX-07-05-378"}]},{"@type":"WebSite","@id":"https:\/\/shop.forminsa.com\/de\/#website","url":"https:\/\/shop.forminsa.com\/de\/","name":"SHOP BRIDAS FORMINSA","description":"Formin the future","publisher":{"@id":"https:\/\/shop.forminsa.com\/de\/#organization"},"alternateName":"BRIDAS FORMINSA","potentialAction":[{"@type":"SearchAction","target":{"@type":"EntryPoint","urlTemplate":"https:\/\/shop.forminsa.com\/de\/?s={search_term_string}"},"query-input":{"@type":"PropertyValueSpecification","valueRequired":true,"valueName":"search_term_string"}}],"inLanguage":"de"},{"@type":"Organization","@id":"https:\/\/shop.forminsa.com\/de\/#organization","name":"SHOP BRIDAS FORMINSA","alternateName":"FORMINSA","url":"https:\/\/shop.forminsa.com\/de\/","logo":{"@type":"ImageObject","inLanguage":"de","@id":"https:\/\/shop.forminsa.com\/de\/#\/schema\/logo\/image\/","url":"https:\/\/shop.forminsa.com\/wp-content\/uploads\/2025\/10\/F.svg","contentUrl":"https:\/\/shop.forminsa.com\/wp-content\/uploads\/2025\/10\/F.svg","width":200,"height":390,"caption":"SHOP BRIDAS FORMINSA"},"image":{"@id":"https:\/\/shop.forminsa.com\/de\/#\/schema\/logo\/image\/"},"sameAs":["https:\/\/www.linkedin.com\/company\/forminsa\/"]}]}},"_links":{"self":[{"href":"https:\/\/shop.forminsa.com\/de\/wp-json\/wp\/v2\/product\/1819","targetHints":{"allow":["GET"]}}],"collection":[{"href":"https:\/\/shop.forminsa.com\/de\/wp-json\/wp\/v2\/product"}],"about":[{"href":"https:\/\/shop.forminsa.com\/de\/wp-json\/wp\/v2\/types\/product"}],"wp:featuredmedia":[{"embeddable":true,"href":"https:\/\/shop.forminsa.com\/de\/wp-json\/wp\/v2\/media\/1795"}],"wp:attachment":[{"href":"https:\/\/shop.forminsa.com\/de\/wp-json\/wp\/v2\/media?parent=1819"}],"wp:term":[{"taxonomy":"product_brand","embeddable":true,"href":"https:\/\/shop.forminsa.com\/de\/wp-json\/wp\/v2\/product_brand?post=1819"},{"taxonomy":"product_cat","embeddable":true,"href":"https:\/\/shop.forminsa.com\/de\/wp-json\/wp\/v2\/product_cat?post=1819"},{"taxonomy":"product_tag","embeddable":true,"href":"https:\/\/shop.forminsa.com\/de\/wp-json\/wp\/v2\/product_tag?post=1819"}],"curies":[{"name":"wp","href":"https:\/\/api.w.org\/{rel}","templated":true}]}}